{"id":653,"date":"2024-04-22T09:09:55","date_gmt":"2024-04-22T09:09:55","guid":{"rendered":"https:\/\/www.ylmzdisticaret.com\/?page_id=653"},"modified":"2025-12-08T09:03:39","modified_gmt":"2025-12-08T09:03:39","slug":"sirket-bilgileri","status":"publish","type":"page","link":"https:\/\/www.ylmzdisticaret.com\/?page_id=653","title":{"rendered":"\u015eirket Bilgileri"},"content":{"rendered":"<div class=\"wp-block-image\">\n<figure class=\"aligncenter size-full is-resized\"><img decoding=\"async\" loading=\"lazy\" src=\"http:\/\/www.ylmzdisticaret.com\/wp-content\/uploads\/2022\/08\/cropped-cropped-YLMZ-LOGO.jpg\" alt=\"\" class=\"wp-image-473\" width=\"382\" height=\"291\" srcset=\"https:\/\/www.ylmzdisticaret.com\/wp-content\/uploads\/2022\/08\/cropped-cropped-YLMZ-LOGO.jpg 512w, https:\/\/www.ylmzdisticaret.com\/wp-content\/uploads\/2022\/08\/cropped-cropped-YLMZ-LOGO-300x229.jpg 300w\" sizes=\"(max-width: 382px) 100vw, 382px\" \/><\/figure><\/div>\n\n\n<p><\/p>\n\n\n\n<p><\/p>\n\n\n\n<p class=\"has-white-color has-black-background-color has-text-color has-background\">\u015eirket \u00dcnvan\u0131 : YLMZ DI\u015e T\u0130CARET LTD. \u015eT\u0130.<\/p>\n\n\n\n<p class=\"has-white-color has-black-background-color has-text-color has-background\">\u015eirket T\u00fcr\u00fc : DI\u015e T\u0130CARET &amp; SAVUNMA TEKNOLOJ\u0130LER\u0130<\/p>\n\n\n\n<p class=\"has-white-color has-black-background-color has-text-color has-background\">YETK\u0130L\u0130 K\u0130\u015e\u0130LER :  SUAT YILMAZ <\/p>\n\n\n\n<p class=\"has-white-color has-black-background-color has-text-color has-background\">Mersis No : 09811377210900001<\/p>\n\n\n\n<p class=\"has-white-color has-black-background-color has-text-color has-background\">Vergi Dairesi : MEC\u0130D\u0130YEK\u00d6Y<\/p>\n\n\n\n<p class=\"has-white-color has-black-background-color has-text-color has-background\">Vergi Dairesi Numaras\u0131 : 9811372109<strong><\/strong><\/p>\n\n\n\n<p class=\"has-white-color has-black-background-color has-text-color has-background\">Ticari Sicil No : 254353-5<\/p>\n\n\n\n<p class=\"has-white-color has-black-background-color has-text-color has-background\"><strong>\u0130LET\u0130\u015e\u0130M B\u0130LG\u0130LER\u0130<\/strong><\/p>\n\n\n\n<p class=\"has-white-color has-black-background-color has-text-color has-background\">Adres&nbsp;: N\u0130\u015eANTA\u015eI, ME\u015eRUT\u0130YET MAH. HACIMANSUR SOK. AYC\u0130B\u0130N \u0130\u015e MERKEZ\u0130 NO:5\/39 \u015e\u0130\u015eL\u0130 \u0130STANBUL<strong><\/strong><\/p>\n\n\n\n<p class=\"has-white-color has-black-background-color has-text-color has-background\">Tel. \/ WhatsApp : 0532 440 4146 <\/p>\n\n\n\n<p class=\"has-white-color has-black-background-color has-text-color has-background\">Kep E-Mail :<\/p>\n","protected":false},"excerpt":{"rendered":"<p>\u015eirket \u00dcnvan\u0131 : YLMZ DI\u015e T\u0130CARET LTD. \u015eT\u0130. \u015eirket T\u00fcr\u00fc : DI\u015e T\u0130CARET &amp; SAVUNMA TEKNOLOJ\u0130LER\u0130 YETK\u0130L\u0130 K\u0130\u015e\u0130LER : SUAT YILMAZ Mersis No : 09811377210900001 Vergi Dairesi : MEC\u0130D\u0130YEK\u00d6Y Vergi Dairesi Numaras\u0131 : 9811372109 Ticari Sicil No : 254353-5 \u0130LET\u0130\u015e\u0130M B\u0130LG\u0130LER\u0130 Adres&nbsp;: N\u0130\u015eANTA\u015eI, ME\u015eRUT\u0130YET MAH. HACIMANSUR SOK. AYC\u0130B\u0130N \u0130\u015e MERKEZ\u0130 NO:5\/39 \u015e\u0130\u015eL\u0130 \u0130STANBUL Tel. \/ WhatsApp : 0532 440 4146 Kep E-Mail :<\/p>\n","protected":false},"author":1,"featured_media":0,"parent":0,"menu_order":0,"comment_status":"closed","ping_status":"closed","template":"","meta":[],"_links":{"self":[{"href":"https:\/\/www.ylmzdisticaret.com\/index.php?rest_route=\/wp\/v2\/pages\/653"}],"collection":[{"href":"https:\/\/www.ylmzdisticaret.com\/index.php?rest_route=\/wp\/v2\/pages"}],"about":[{"href":"https:\/\/www.ylmzdisticaret.com\/index.php?rest_route=\/wp\/v2\/types\/page"}],"author":[{"embeddable":true,"href":"https:\/\/www.ylmzdisticaret.com\/index.php?rest_route=\/wp\/v2\/users\/1"}],"replies":[{"embeddable":true,"href":"https:\/\/www.ylmzdisticaret.com\/index.php?rest_route=%2Fwp%2Fv2%2Fcomments&post=653"}],"version-history":[{"count":24,"href":"https:\/\/www.ylmzdisticaret.com\/index.php?rest_route=\/wp\/v2\/pages\/653\/revisions"}],"predecessor-version":[{"id":1054,"href":"https:\/\/www.ylmzdisticaret.com\/index.php?rest_route=\/wp\/v2\/pages\/653\/revisions\/1054"}],"wp:attachment":[{"href":"https:\/\/www.ylmzdisticaret.com\/index.php?rest_route=%2Fwp%2Fv2%2Fmedia&parent=653"}],"curies":[{"name":"wp","href":"https:\/\/api.w.org\/{rel}","templated":true}]}}