{"id":712,"date":"2024-07-23T10:11:08","date_gmt":"2024-07-23T10:11:08","guid":{"rendered":"https:\/\/www.ylmzdisticaret.com\/?page_id=712"},"modified":"2024-07-25T08:04:21","modified_gmt":"2024-07-25T08:04:21","slug":"ylmz-savunma-teknolojileri","status":"publish","type":"page","link":"https:\/\/www.ylmzdisticaret.com\/","title":{"rendered":"Ylmz Savunma Teknolojileri"},"content":{"rendered":"\n<p>Savunma Teknolojileri ile G\u00fcvenli Gelecek\u2026<\/p>\n\n\n\n<p>Ylmz olarak, yenilik\u00e7i, ak\u0131ll\u0131 teknolojik \u00e7\u00f6z\u00fcmler ile \u00fclkemizin savunma sistemi ihtiya\u00e7lar\u0131n\u0131 kar\u015f\u0131lama ve bu alanda global pazarda T\u00fcrkiye\u2019nin rekabet g\u00fcc\u00fcne katk\u0131 sa\u011flama misyonu ve vizyonu ile \u00e7al\u0131\u015fmalar\u0131m\u0131z\u0131 y\u00fcr\u00fct\u00fcyoruz.<\/p>\n\n\n\n<p><\/p>\n\n\n\n<figure class=\"wp-block-image size-large\"><img decoding=\"async\" loading=\"lazy\" width=\"1024\" height=\"375\" src=\"https:\/\/www.ylmzdisticaret.com\/wp-content\/uploads\/2024\/07\/1-1-1024x375.jpg\" alt=\"\" class=\"wp-image-869\" srcset=\"https:\/\/www.ylmzdisticaret.com\/wp-content\/uploads\/2024\/07\/1-1-1024x375.jpg 1024w, https:\/\/www.ylmzdisticaret.com\/wp-content\/uploads\/2024\/07\/1-1-300x110.jpg 300w, https:\/\/www.ylmzdisticaret.com\/wp-content\/uploads\/2024\/07\/1-1-768x281.jpg 768w, https:\/\/www.ylmzdisticaret.com\/wp-content\/uploads\/2024\/07\/1-1-1536x562.jpg 1536w, https:\/\/www.ylmzdisticaret.com\/wp-content\/uploads\/2024\/07\/1-1-1140x417.jpg 1140w, https:\/\/www.ylmzdisticaret.com\/wp-content\/uploads\/2024\/07\/1-1.jpg 1800w\" sizes=\"(max-width: 1024px) 100vw, 1024px\" \/><\/figure>\n\n\n\n<p>T\u00fcm d\u00fcnya da ve T.C. Cumhurba\u015fkanl\u0131\u011f\u0131 Savunma Sanayii Ba\u015fkanl\u0131\u011f\u0131, T\u00fcrk Silahl\u0131 Kuvvetleri\u2019ne lojistik ve teknik destek, teknoloji transferi, sistem m\u00fchendisli\u011fi, proje y\u00f6netimi ile dan\u0131\u015fmanl\u0131k hizmetleri sa\u011flamak amac\u0131yla kuruldu\u011fumuz uzun y\u0131llardan bu yana, hizmet yelpazemizi ve faaliyetlerimizi \u00f6nemli \u00f6l\u00e7\u00fcde art\u0131rd\u0131k.<\/p>\n\n\n\n<p>T\u00fcrk savunma sanayimizin milli projelerinde hayata ge\u00e7irme imkanlar\u0131n\u0131 de\u011ferlendirerek m\u00fchendislik ve teknolojik birikimimizi, \u00f6nemli yat\u0131r\u0131mlar ile geli\u015ftirip g\u00fc\u00e7lendirmeye durmaks\u0131z\u0131n devam etmeyi hedefledik.<\/p>\n\n\n\n<p><\/p>\n\n\n\n<figure class=\"wp-block-image size-large\"><img decoding=\"async\" loading=\"lazy\" width=\"1024\" height=\"614\" src=\"https:\/\/www.ylmzdisticaret.com\/wp-content\/uploads\/2024\/07\/indexfw-1024x614.jpg\" alt=\"\" class=\"wp-image-849\" srcset=\"https:\/\/www.ylmzdisticaret.com\/wp-content\/uploads\/2024\/07\/indexfw-1024x614.jpg 1024w, https:\/\/www.ylmzdisticaret.com\/wp-content\/uploads\/2024\/07\/indexfw-300x180.jpg 300w, https:\/\/www.ylmzdisticaret.com\/wp-content\/uploads\/2024\/07\/indexfw-768x461.jpg 768w, https:\/\/www.ylmzdisticaret.com\/wp-content\/uploads\/2024\/07\/indexfw-1536x922.jpg 1536w, https:\/\/www.ylmzdisticaret.com\/wp-content\/uploads\/2024\/07\/indexfw-1140x684.jpg 1140w, https:\/\/www.ylmzdisticaret.com\/wp-content\/uploads\/2024\/07\/indexfw.jpg 1800w\" sizes=\"(max-width: 1024px) 100vw, 1024px\" \/><\/figure>\n\n\n\n<h2 class=\"wp-block-heading\">Ylmz Savunma Sanayi Teknolojilerine \u0130novatif Yakla\u015f\u0131m<\/h2>\n\n\n\n<p>Geli\u015fen teknoloji kar\u015f\u0131s\u0131nda savunma alan\u0131nda kolayl\u0131k sa\u011flayan, yenilik\u00e7i \u00e7\u00f6z\u00fcmler \u00fcreterek&nbsp;teknolojik inovasyon&nbsp;anlam\u0131nda s\u0131n\u0131rlar\u0131 zorluyor, end\u00fcstrinin geli\u015fim ve d\u00f6n\u00fc\u015f\u00fcm\u00fcne yak\u0131ndan tan\u0131kl\u0131k ediyor, bu geli\u015fime \u00fcr\u00fcn, hizmet ve projelerimizle katk\u0131 sa\u011fl\u0131yoruz.<\/p>\n\n\n\n<p><\/p>\n\n\n\n<figure class=\"wp-block-image size-large\"><img decoding=\"async\" loading=\"lazy\" width=\"1024\" height=\"585\" src=\"https:\/\/www.ylmzdisticaret.com\/wp-content\/uploads\/2024\/07\/slider3_y-1024x585.jpg\" alt=\"\" class=\"wp-image-855\" srcset=\"https:\/\/www.ylmzdisticaret.com\/wp-content\/uploads\/2024\/07\/slider3_y-1024x585.jpg 1024w, https:\/\/www.ylmzdisticaret.com\/wp-content\/uploads\/2024\/07\/slider3_y-300x171.jpg 300w, https:\/\/www.ylmzdisticaret.com\/wp-content\/uploads\/2024\/07\/slider3_y-768x439.jpg 768w, https:\/\/www.ylmzdisticaret.com\/wp-content\/uploads\/2024\/07\/slider3_y-1536x878.jpg 1536w, https:\/\/www.ylmzdisticaret.com\/wp-content\/uploads\/2024\/07\/slider3_y-2048x1170.jpg 2048w, https:\/\/www.ylmzdisticaret.com\/wp-content\/uploads\/2024\/07\/slider3_y-1140x651.jpg 1140w\" sizes=\"(max-width: 1024px) 100vw, 1024px\" \/><\/figure>\n\n\n\n<h2 class=\"wp-block-heading\">Ylmz Savunma Teknolojileri Sosyal \u0130novasyonla G\u00fc\u00e7leniyor<\/h2>\n\n\n\n<p><strong>Savunma sanayii<\/strong>&nbsp;alan\u0131nda yaln\u0131zca kendi kapasitemizin g\u00fcc\u00fcyle de\u011fil, gen\u00e7lerin yenilik\u00e7i yakla\u015f\u0131m\u0131 ve kapasitesi ile i\u015fbirli\u011fi i\u00e7inde \u00e7al\u0131\u015farak toplumsal destek al\u0131yor, fark\u0131ndal\u0131\u011f\u0131 art\u0131r\u0131yoruz.<\/p>\n\n\n\n<p>D\u00fczenli olarak ara\u015ft\u0131rd\u0131\u011f\u0131m\u0131z, oda\u011f\u0131nda savunma olan teknolojileri&nbsp;ile&nbsp;sosyal inovasyon projeleri&nbsp;kapsam\u0131nda da \u00fclkemizi bir ad\u0131m ileri ta\u015f\u0131maya devam ediyoruz.<\/p>\n\n\n\n<p><\/p>\n\n\n\n<figure class=\"wp-block-image size-large\"><img decoding=\"async\" loading=\"lazy\" width=\"1024\" height=\"768\" src=\"https:\/\/www.ylmzdisticaret.com\/wp-content\/uploads\/2024\/07\/WhatsApp-Gorsel-2024-07-25-saat-10.52.10_01c8d849-1024x768.jpg\" alt=\"\" class=\"wp-image-874\" srcset=\"https:\/\/www.ylmzdisticaret.com\/wp-content\/uploads\/2024\/07\/WhatsApp-Gorsel-2024-07-25-saat-10.52.10_01c8d849-1024x768.jpg 1024w, https:\/\/www.ylmzdisticaret.com\/wp-content\/uploads\/2024\/07\/WhatsApp-Gorsel-2024-07-25-saat-10.52.10_01c8d849-300x225.jpg 300w, https:\/\/www.ylmzdisticaret.com\/wp-content\/uploads\/2024\/07\/WhatsApp-Gorsel-2024-07-25-saat-10.52.10_01c8d849-768x576.jpg 768w, https:\/\/www.ylmzdisticaret.com\/wp-content\/uploads\/2024\/07\/WhatsApp-Gorsel-2024-07-25-saat-10.52.10_01c8d849-1536x1152.jpg 1536w, https:\/\/www.ylmzdisticaret.com\/wp-content\/uploads\/2024\/07\/WhatsApp-Gorsel-2024-07-25-saat-10.52.10_01c8d849-1140x855.jpg 1140w, https:\/\/www.ylmzdisticaret.com\/wp-content\/uploads\/2024\/07\/WhatsApp-Gorsel-2024-07-25-saat-10.52.10_01c8d849.jpg 2048w\" sizes=\"(max-width: 1024px) 100vw, 1024px\" \/><\/figure>\n\n\n\n<h2 class=\"wp-block-heading\">Uluslararas\u0131 &amp; T\u00fcrk Savunma Sanayisi \u0130\u00e7in Ak\u0131ll\u0131 \u00c7\u00f6z\u00fcmler<\/h2>\n\n\n\n<h3 class=\"wp-block-heading\">Taktik Mini \u0130HA Sistemleri<\/h3>\n\n\n\n<p>T\u00fcrkiye\u2019de ve d\u00fcnyada \u00f6nc\u00fc, derin \u00f6\u011frenme, makine \u00f6\u011frenmesi, bilgisayar g\u00f6r\u00fc teknikleri kabiliyetlerine sahip, ta\u015f\u0131nabilir insans\u0131z platformlar geli\u015ftiriyoruz.<\/p>\n\n\n\n<p>T\u00fcrkiye\u2019nin \u00f6nc\u00fc savunma sanayi \u015firketlerinden biri olarak, dayan\u0131kl\u0131 ve rekabet\u00e7i \u00fcr\u00fcn yelpazemizi kritik g\u00f6revler \u00fcstlenmesi ad\u0131na \u00fclkemize ve d\u00fcnyaya sunuyoruz.<\/p>\n\n\n\n<p>Taktik Mini \u0130HA Sistemleri ailemiz;&nbsp;Ke\u015fif ve G\u00f6zetleme Ama\u00e7l\u0131 \u0130nsans\u0131z Sistemleri, Ta\u015f\u0131nabilir Sabit ve D\u00f6ner Kanatl\u0131 Vurucu \u0130HA Sistemlerinden olu\u015fmaktad\u0131r.<\/p>\n\n\n\n<p><\/p>\n\n\n<div class=\"wp-block-image\">\n<figure class=\"aligncenter size-full is-resized\"><img decoding=\"async\" loading=\"lazy\" src=\"https:\/\/www.ylmzdisticaret.com\/wp-content\/uploads\/2024\/07\/magazine.png\" alt=\"\" class=\"wp-image-851\" width=\"838\" height=\"545\" srcset=\"https:\/\/www.ylmzdisticaret.com\/wp-content\/uploads\/2024\/07\/magazine.png 681w, https:\/\/www.ylmzdisticaret.com\/wp-content\/uploads\/2024\/07\/magazine-300x195.png 300w\" sizes=\"(max-width: 838px) 100vw, 838px\" \/><\/figure><\/div>\n\n\n<h3 class=\"wp-block-heading\">Siber G\u00fcvenlik ve Bili\u015fim \u00c7\u00f6z\u00fcmleri<\/h3>\n\n\n\n<p>Siber sald\u0131r\u0131lar\u0131n ve siber su\u00e7lar\u0131n, geli\u015fen teknoloji ile artmakta olmas\u0131, bu ba\u011flamda g\u00fcvenlik sa\u011flanmas\u0131n\u0131n bireyler, kurumlar ve devletler i\u00e7in \u00f6nemini kritik bir noktaya \u00e7\u0131kar\u0131yor. YLMZ, siber tehditlere kar\u015f\u0131, sahip oldu\u011fu nitelikli insan g\u00fcc\u00fc ile ulusal ve k\u00fcresel \u00f6l\u00e7ekte&nbsp;siber g\u00fcvenlik projeleri&nbsp;\u00fcretirken; siber g\u00fcvenlik alan\u0131nda b\u00fct\u00fcnle\u015fik, entegre ve anahtar teslim \u00f6zg\u00fcn \u00fcr\u00fcnler geli\u015ftiriyor.<\/p>\n\n\n\n<p><\/p>\n\n\n\n<figure class=\"wp-block-image size-full is-resized\"><img decoding=\"async\" loading=\"lazy\" src=\"https:\/\/www.ylmzdisticaret.com\/wp-content\/uploads\/2024\/07\/hvclk-elek-elektronigi-Copy.jpg\" alt=\"\" class=\"wp-image-872\" width=\"845\" height=\"334\" srcset=\"https:\/\/www.ylmzdisticaret.com\/wp-content\/uploads\/2024\/07\/hvclk-elek-elektronigi-Copy.jpg 640w, https:\/\/www.ylmzdisticaret.com\/wp-content\/uploads\/2024\/07\/hvclk-elek-elektronigi-Copy-300x119.jpg 300w\" sizes=\"(max-width: 845px) 100vw, 845px\" \/><\/figure>\n\n\n\n<h3 class=\"wp-block-heading\">Uydu ve Uzay Teknolojileri \u00c7\u00f6z\u00fcmleri<\/h3>\n\n\n\n<p>Uzay \u00fcr\u00fcnlerine y\u00f6nelik AR-GE projeleri y\u00fcr\u00fcterek, \u00fclkemizin uzay \u00fcr\u00fcn envanterine katk\u0131 sa\u011flamak istiyoruz.<\/p>\n\n\n\n<p>Uydu ve uzay teknolojileri&nbsp;alan\u0131nda yetkin, uydu platformu, yaz\u0131l\u0131m, servis ve alt sistemleri kapsayan geni\u015f \u00fcr\u00fcn ve hizmet yelpazesiyle bu alanda yetkinliklerimizi art\u0131rmaya devam ediyoruz.<\/p>\n\n\n\n<p>Komuta Kontrol Sistemlerine y\u00f6nelik 20 y\u0131ll\u0131k tecr\u00fcbemiz ile \u00fclkemizde savunma sanayi i\u00e7in \u00e7\u00f6z\u00fcmler geli\u015ftiriyor, uzun y\u0131llardan itibaren de yurt d\u0131\u015f\u0131 ihracat projelerinde de g\u00f6rev al\u0131yoruz.<\/p>\n\n\n\n<ul>\n<li>Taktik Saha Komuta Kontrol Sistemleri,<\/li>\n\n\n\n<li>F\u00fcze ve Hava Savunma Bilgi Sistemleri,<\/li>\n\n\n\n<li>Y\u00f6netim Bilgi Sistemleri gibi \u00e7e\u015fitli ve kapsaml\u0131 yetkinlik ve kabiliyetlere sahip,&nbsp;kapsaml\u0131 Kontrol Komuta Bilgi Sistemleri&nbsp;\u00e7\u00f6z\u00fcmleri \u00fcretiyoruz.<\/li>\n<\/ul>\n\n\n\n<figure class=\"wp-block-image size-large\"><img decoding=\"async\" loading=\"lazy\" width=\"1024\" height=\"325\" src=\"https:\/\/www.ylmzdisticaret.com\/wp-content\/uploads\/2024\/07\/coverar12-1024x325.jpg\" alt=\"\" class=\"wp-image-861\" srcset=\"https:\/\/www.ylmzdisticaret.com\/wp-content\/uploads\/2024\/07\/coverar12-1024x325.jpg 1024w, https:\/\/www.ylmzdisticaret.com\/wp-content\/uploads\/2024\/07\/coverar12-300x95.jpg 300w, https:\/\/www.ylmzdisticaret.com\/wp-content\/uploads\/2024\/07\/coverar12-768x244.jpg 768w, https:\/\/www.ylmzdisticaret.com\/wp-content\/uploads\/2024\/07\/coverar12-1536x487.jpg 1536w, https:\/\/www.ylmzdisticaret.com\/wp-content\/uploads\/2024\/07\/coverar12-1140x362.jpg 1140w, https:\/\/www.ylmzdisticaret.com\/wp-content\/uploads\/2024\/07\/coverar12.jpg 2040w\" sizes=\"(max-width: 1024px) 100vw, 1024px\" \/><\/figure>\n\n\n\n<h3 class=\"wp-block-heading\">Teknoloji Tabanl\u0131 Dan\u0131\u015fmanl\u0131k Projeleri<\/h3>\n\n\n\n<p>YLMZ her an tedarik edece\u011fimiz m\u00fchendis ve uzman personelleri ile&nbsp;teknoloji tabanl\u0131 dan\u0131\u015fmanl\u0131k hizmetleri&nbsp;veriyoruz.<\/p>\n\n\n\n<ul>\n<li>ThinkTech Teknolojik D\u00fc\u015f\u00fcnce Merkezi,<\/li>\n\n\n\n<li>Fizibilite ve S\u00fcre\u00e7 Dan\u0131\u015fmanl\u0131\u011f\u0131,<\/li>\n\n\n\n<li>Yerlile\u015ftirme ve Sekt\u00f6r Analizleri,<\/li>\n\n\n\n<li>Sertifikasyon Hizmetleri,<\/li>\n\n\n\n<li>Tedarik ve Lojistik hizmetleri \u00e7er\u00e7evesinde y\u00fcr\u00fctt\u00fc\u011f\u00fcm\u00fcz projeler ile ihtiyaca y\u00f6nelik yenilik\u00e7i \u00e7\u00f6z\u00fcmler \u00fcretiyoruz.<\/li>\n<\/ul>\n\n\n\n<p><\/p>\n\n\n\n<figure class=\"wp-block-image size-full\"><img decoding=\"async\" loading=\"lazy\" width=\"930\" height=\"576\" src=\"https:\/\/www.ylmzdisticaret.com\/wp-content\/uploads\/2024\/07\/WhatsApp-Gorsel-2024-07-25-saat-10.52.11_30f3725d.jpg\" alt=\"\" class=\"wp-image-878\" srcset=\"https:\/\/www.ylmzdisticaret.com\/wp-content\/uploads\/2024\/07\/WhatsApp-Gorsel-2024-07-25-saat-10.52.11_30f3725d.jpg 930w, https:\/\/www.ylmzdisticaret.com\/wp-content\/uploads\/2024\/07\/WhatsApp-Gorsel-2024-07-25-saat-10.52.11_30f3725d-300x186.jpg 300w, https:\/\/www.ylmzdisticaret.com\/wp-content\/uploads\/2024\/07\/WhatsApp-Gorsel-2024-07-25-saat-10.52.11_30f3725d-768x476.jpg 768w\" sizes=\"(max-width: 930px) 100vw, 930px\" \/><\/figure>\n\n\n\n<p><\/p>\n\n\n\n<figure class=\"wp-block-image size-large\"><img decoding=\"async\" loading=\"lazy\" width=\"1024\" height=\"768\" src=\"https:\/\/www.ylmzdisticaret.com\/wp-content\/uploads\/2024\/07\/WhatsApp-Gorsel-2024-07-25-saat-10.52.10_430d7aee-1024x768.jpg\" alt=\"\" class=\"wp-image-880\" srcset=\"https:\/\/www.ylmzdisticaret.com\/wp-content\/uploads\/2024\/07\/WhatsApp-Gorsel-2024-07-25-saat-10.52.10_430d7aee-1024x768.jpg 1024w, https:\/\/www.ylmzdisticaret.com\/wp-content\/uploads\/2024\/07\/WhatsApp-Gorsel-2024-07-25-saat-10.52.10_430d7aee-300x225.jpg 300w, https:\/\/www.ylmzdisticaret.com\/wp-content\/uploads\/2024\/07\/WhatsApp-Gorsel-2024-07-25-saat-10.52.10_430d7aee-768x576.jpg 768w, https:\/\/www.ylmzdisticaret.com\/wp-content\/uploads\/2024\/07\/WhatsApp-Gorsel-2024-07-25-saat-10.52.10_430d7aee-1536x1152.jpg 1536w, https:\/\/www.ylmzdisticaret.com\/wp-content\/uploads\/2024\/07\/WhatsApp-Gorsel-2024-07-25-saat-10.52.10_430d7aee-1140x855.jpg 1140w, https:\/\/www.ylmzdisticaret.com\/wp-content\/uploads\/2024\/07\/WhatsApp-Gorsel-2024-07-25-saat-10.52.10_430d7aee.jpg 2048w\" sizes=\"(max-width: 1024px) 100vw, 1024px\" \/><\/figure>\n","protected":false},"excerpt":{"rendered":"<p>Savunma Teknolojileri ile G\u00fcvenli Gelecek\u2026 Ylmz olarak, yenilik\u00e7i, ak\u0131ll\u0131 teknolojik \u00e7\u00f6z\u00fcmler ile \u00fclkemizin savunma sistemi ihtiya\u00e7lar\u0131n\u0131 kar\u015f\u0131lama ve bu alanda global pazarda T\u00fcrkiye\u2019nin rekabet g\u00fcc\u00fcne katk\u0131 sa\u011flama misyonu ve vizyonu ile \u00e7al\u0131\u015fmalar\u0131m\u0131z\u0131 y\u00fcr\u00fct\u00fcyoruz. T\u00fcm d\u00fcnya da ve T.C. Cumhurba\u015fkanl\u0131\u011f\u0131 Savunma Sanayii Ba\u015fkanl\u0131\u011f\u0131, T\u00fcrk Silahl\u0131 Kuvvetleri\u2019ne lojistik ve teknik destek, teknoloji transferi, sistem m\u00fchendisli\u011fi, proje y\u00f6netimi ile dan\u0131\u015fmanl\u0131k hizmetleri sa\u011flamak amac\u0131yla kuruldu\u011fumuz uzun y\u0131llardan bu yana, hizmet yelpazemizi ve faaliyetlerimizi \u00f6nemli \u00f6l\u00e7\u00fcde art\u0131rd\u0131k. T\u00fcrk savunma sanayimizin milli projelerinde hayata ge\u00e7irme imkanlar\u0131n\u0131 de\u011ferlendirerek m\u00fchendislik ve teknolojik birikimimizi, \u00f6nemli yat\u0131r\u0131mlar ile geli\u015ftirip g\u00fc\u00e7lendirmeye durmaks\u0131z\u0131n devam etmeyi hedefledik. Ylmz Savunma Sanayi Teknolojilerine \u0130novatif Yakla\u015f\u0131m Geli\u015fen teknoloji kar\u015f\u0131s\u0131nda savunma alan\u0131nda kolayl\u0131k sa\u011flayan, yenilik\u00e7i \u00e7\u00f6z\u00fcmler \u00fcreterek&nbsp;teknolojik inovasyon&nbsp;anlam\u0131nda s\u0131n\u0131rlar\u0131 zorluyor, end\u00fcstrinin geli\u015fim ve d\u00f6n\u00fc\u015f\u00fcm\u00fcne yak\u0131ndan tan\u0131kl\u0131k ediyor, bu geli\u015fime \u00fcr\u00fcn, hizmet ve projelerimizle katk\u0131 sa\u011fl\u0131yoruz. Ylmz Savunma Teknolojileri Sosyal \u0130novasyonla G\u00fc\u00e7leniyor Savunma sanayii&nbsp;alan\u0131nda yaln\u0131zca kendi kapasitemizin g\u00fcc\u00fcyle de\u011fil, gen\u00e7lerin yenilik\u00e7i yakla\u015f\u0131m\u0131 ve kapasitesi ile i\u015fbirli\u011fi i\u00e7inde \u00e7al\u0131\u015farak toplumsal destek al\u0131yor, fark\u0131ndal\u0131\u011f\u0131 art\u0131r\u0131yoruz. D\u00fczenli olarak ara\u015ft\u0131rd\u0131\u011f\u0131m\u0131z, oda\u011f\u0131nda savunma olan teknolojileri&nbsp;ile&nbsp;sosyal inovasyon projeleri&nbsp;kapsam\u0131nda da \u00fclkemizi bir ad\u0131m ileri ta\u015f\u0131maya devam ediyoruz. Uluslararas\u0131 &amp; T\u00fcrk Savunma Sanayisi \u0130\u00e7in Ak\u0131ll\u0131 \u00c7\u00f6z\u00fcmler Taktik Mini \u0130HA Sistemleri T\u00fcrkiye\u2019de ve d\u00fcnyada \u00f6nc\u00fc, derin \u00f6\u011frenme, makine \u00f6\u011frenmesi, bilgisayar g\u00f6r\u00fc teknikleri kabiliyetlerine sahip, ta\u015f\u0131nabilir insans\u0131z platformlar geli\u015ftiriyoruz. T\u00fcrkiye\u2019nin \u00f6nc\u00fc savunma sanayi \u015firketlerinden biri olarak, dayan\u0131kl\u0131 ve rekabet\u00e7i \u00fcr\u00fcn yelpazemizi kritik g\u00f6revler \u00fcstlenmesi ad\u0131na \u00fclkemize ve d\u00fcnyaya sunuyoruz. Taktik Mini \u0130HA Sistemleri ailemiz;&nbsp;Ke\u015fif ve G\u00f6zetleme Ama\u00e7l\u0131 \u0130nsans\u0131z Sistemleri, Ta\u015f\u0131nabilir Sabit ve D\u00f6ner Kanatl\u0131 Vurucu \u0130HA Sistemlerinden olu\u015fmaktad\u0131r. Siber G\u00fcvenlik ve Bili\u015fim \u00c7\u00f6z\u00fcmleri Siber sald\u0131r\u0131lar\u0131n ve siber su\u00e7lar\u0131n, geli\u015fen teknoloji ile artmakta olmas\u0131, bu ba\u011flamda g\u00fcvenlik sa\u011flanmas\u0131n\u0131n bireyler, kurumlar ve devletler i\u00e7in \u00f6nemini kritik bir noktaya \u00e7\u0131kar\u0131yor. YLMZ, siber tehditlere kar\u015f\u0131, sahip oldu\u011fu nitelikli insan g\u00fcc\u00fc ile ulusal ve k\u00fcresel \u00f6l\u00e7ekte&nbsp;siber g\u00fcvenlik projeleri&nbsp;\u00fcretirken; siber g\u00fcvenlik alan\u0131nda b\u00fct\u00fcnle\u015fik, entegre ve anahtar teslim \u00f6zg\u00fcn \u00fcr\u00fcnler geli\u015ftiriyor. Uydu ve Uzay Teknolojileri \u00c7\u00f6z\u00fcmleri Uzay \u00fcr\u00fcnlerine y\u00f6nelik AR-GE projeleri y\u00fcr\u00fcterek, \u00fclkemizin uzay \u00fcr\u00fcn envanterine katk\u0131 sa\u011flamak istiyoruz. Uydu ve uzay teknolojileri&nbsp;alan\u0131nda yetkin, uydu platformu, yaz\u0131l\u0131m, servis ve alt sistemleri kapsayan geni\u015f \u00fcr\u00fcn ve hizmet yelpazesiyle bu alanda yetkinliklerimizi art\u0131rmaya devam ediyoruz. Komuta Kontrol Sistemlerine y\u00f6nelik 20 y\u0131ll\u0131k tecr\u00fcbemiz ile \u00fclkemizde savunma sanayi i\u00e7in \u00e7\u00f6z\u00fcmler geli\u015ftiriyor, uzun y\u0131llardan itibaren de yurt d\u0131\u015f\u0131 ihracat projelerinde de g\u00f6rev al\u0131yoruz. Teknoloji Tabanl\u0131 Dan\u0131\u015fmanl\u0131k Projeleri YLMZ her an tedarik edece\u011fimiz m\u00fchendis ve uzman personelleri ile&nbsp;teknoloji tabanl\u0131 dan\u0131\u015fmanl\u0131k hizmetleri&nbsp;veriyoruz.<\/p>\n","protected":false},"author":1,"featured_media":0,"parent":0,"menu_order":0,"comment_status":"closed","ping_status":"closed","template":"","meta":[],"_links":{"self":[{"href":"https:\/\/www.ylmzdisticaret.com\/index.php?rest_route=\/wp\/v2\/pages\/712"}],"collection":[{"href":"https:\/\/www.ylmzdisticaret.com\/index.php?rest_route=\/wp\/v2\/pages"}],"about":[{"href":"https:\/\/www.ylmzdisticaret.com\/index.php?rest_route=\/wp\/v2\/types\/page"}],"author":[{"embeddable":true,"href":"https:\/\/www.ylmzdisticaret.com\/index.php?rest_route=\/wp\/v2\/users\/1"}],"replies":[{"embeddable":true,"href":"https:\/\/www.ylmzdisticaret.com\/index.php?rest_route=%2Fwp%2Fv2%2Fcomments&post=712"}],"version-history":[{"count":15,"href":"https:\/\/www.ylmzdisticaret.com\/index.php?rest_route=\/wp\/v2\/pages\/712\/revisions"}],"predecessor-version":[{"id":882,"href":"https:\/\/www.ylmzdisticaret.com\/index.php?rest_route=\/wp\/v2\/pages\/712\/revisions\/882"}],"wp:attachment":[{"href":"https:\/\/www.ylmzdisticaret.com\/index.php?rest_route=%2Fwp%2Fv2%2Fmedia&parent=712"}],"curies":[{"name":"wp","href":"https:\/\/api.w.org\/{rel}","templated":true}]}}